{"id":10,"date":"2022-03-10T08:22:11","date_gmt":"2022-03-10T08:22:11","guid":{"rendered":"http:\/\/localhost:10034\/?page_id=10"},"modified":"2025-10-23T19:35:36","modified_gmt":"2025-10-23T19:35:36","slug":"strona-glowna","status":"publish","type":"page","link":"https:\/\/aventis-advisors.com\/pl\/","title":{"rendered":"Strona g\u0142\u00f3wna"},"content":{"rendered":"","protected":false},"excerpt":{"rendered":"","protected":false},"author":1,"featured_media":1820,"parent":0,"menu_order":0,"comment_status":"closed","ping_status":"closed","template":"","meta":{"_acf_changed":true,"inline_featured_image":false,"footnotes":""},"class_list":["post-10","page","type-page","status-publish","has-post-thumbnail","hentry"],"acf":[],"yoast_head":"<!-- This site is optimized with the Yoast SEO plugin v27.5 - https:\/\/yoast.com\/product\/yoast-seo-wordpress\/ -->\n<title>M&amp;A for Technology and Growth Companies - Aventis Advisors<\/title>\n<meta name=\"description\" content=\"A unique team of M&amp;A advisors with the creativity, insight and experience to help you close deals.\" \/>\n<link rel=\"canonical\" href=\"https:\/\/aventis-advisors.com\/pl\/wp-json\/wp\/v2\/pages\/10\" \/>\n<meta property=\"og:locale\" content=\"pl_PL\" \/>\n<meta property=\"og:type\" content=\"article\" \/>\n<meta property=\"og:title\" content=\"M&amp;A for Technology and Growth Companies - Aventis Advisors\" \/>\n<meta property=\"og:description\" content=\"A unique team of M&amp;A advisors with the creativity, insight and experience to help you close deals.\" \/>\n<meta property=\"og:url\" content=\"https:\/\/aventis-advisors.com\/pl\/\" \/>\n<meta property=\"og:site_name\" content=\"Aventis Advisors\" \/>\n<meta property=\"article:modified_time\" content=\"2025-10-23T19:35:36+00:00\" \/>\n<meta property=\"og:image\" content=\"https:\/\/aventis-advisors.com\/wp-content\/uploads\/2022\/10\/aventis-social-share.jpg\" \/>\n\t<meta property=\"og:image:width\" content=\"1024\" \/>\n\t<meta property=\"og:image:height\" content=\"512\" \/>\n\t<meta property=\"og:image:type\" content=\"image\/jpeg\" \/>\n<meta name=\"twitter:card\" content=\"summary_large_image\" \/>\n<meta name=\"twitter:title\" content=\"Aventis Advisors\" \/>\n<meta name=\"twitter:image\" content=\"https:\/\/aventis-advisors.com\/wp-content\/uploads\/2022\/10\/aventis-social-share.jpg\" \/>\n<meta name=\"twitter:label1\" content=\"Szacowany czas czytania\" \/>\n\t<meta name=\"twitter:data1\" content=\"1 minuta\" \/>\n<!-- \/ Yoast SEO plugin. -->","yoast_head_json":{"title":"Fuzje i Przej\u0119cia - Aventis Advisors","description":"Doradzamy w zakresie fuzji i przej\u0119\u0107 dla firm technologicznych i rozwojowych. Nasi doradcy z kreatywno\u015bci\u0105, wnikliwo\u015bci\u0105 i do\u015bwiadczeniem, pomo\u017ce Ci zamkn\u0105\u0107 transakcje.","canonical":"https:\/\/aventis-advisors.com\/pl\/wp-json\/wp\/v2\/pages\/10","og_locale":"pl_PL","og_type":"article","og_title":"M&A for Technology and Growth Companies - Aventis Advisors","og_description":"A unique team of M&A advisors with the creativity, insight and experience to help you close deals.","og_url":"https:\/\/aventis-advisors.com\/pl\/","og_site_name":"Aventis Advisors","article_modified_time":"2025-10-23T19:35:36+00:00","og_image":[{"width":1024,"height":512,"url":"https:\/\/aventis-advisors.com\/wp-content\/uploads\/2022\/10\/aventis-social-share.jpg","type":"image\/jpeg"}],"twitter_card":"summary_large_image","twitter_title":"Aventis Advisors","twitter_image":"https:\/\/aventis-advisors.com\/wp-content\/uploads\/2022\/10\/aventis-social-share.jpg","twitter_misc":{"Szacowany czas czytania":"1 minuta"},"schema":{"@context":"https:\/\/schema.org","@graph":[{"@type":"WebPage","@id":"https:\/\/aventis-advisors.com\/","url":"https:\/\/aventis-advisors.com\/","name":"Fuzje i Przej\u0119cia - Aventis Advisors","isPartOf":{"@id":"https:\/\/aventis-advisors.com\/#website"},"primaryImageOfPage":{"@id":"https:\/\/aventis-advisors.com\/#primaryimage"},"image":{"@id":"https:\/\/aventis-advisors.com\/#primaryimage"},"thumbnailUrl":"https:\/\/aventis-advisors.com\/wp-content\/uploads\/2022\/10\/aventis-social-share.jpg","datePublished":"2022-03-10T08:22:11+00:00","dateModified":"2025-10-23T19:35:36+00:00","description":"Doradzamy w zakresie fuzji i przej\u0119\u0107 dla firm technologicznych i rozwojowych. Nasi doradcy z kreatywno\u015bci\u0105, wnikliwo\u015bci\u0105 i do\u015bwiadczeniem, pomo\u017ce Ci zamkn\u0105\u0107 transakcje.","breadcrumb":{"@id":"https:\/\/aventis-advisors.com\/#breadcrumb"},"inLanguage":"pl-PL","potentialAction":[{"@type":"ReadAction","target":["https:\/\/aventis-advisors.com\/"]}]},{"@type":"ImageObject","inLanguage":"pl-PL","@id":"https:\/\/aventis-advisors.com\/#primaryimage","url":"https:\/\/aventis-advisors.com\/wp-content\/uploads\/2022\/10\/aventis-social-share.jpg","contentUrl":"https:\/\/aventis-advisors.com\/wp-content\/uploads\/2022\/10\/aventis-social-share.jpg","width":1024,"height":512,"caption":"Black and white image of a lighthouse on a rocky shore. The text Aventis Advisors appears in the center, subtly hinting at M&A expertise. A purple dotted border runs along the bottom."},{"@type":"BreadcrumbList","@id":"https:\/\/aventis-advisors.com\/#breadcrumb","itemListElement":[{"@type":"ListItem","position":1,"name":"Home","item":"https:\/\/aventis-advisors.com\/"},{"@type":"ListItem","position":2,"name":"Home Page"}]},{"@type":"WebSite","@id":"https:\/\/aventis-advisors.com\/#website","url":"https:\/\/aventis-advisors.com\/","name":"Aventis Advisors","description":"Nasz\u0105 misj\u0105 jest pom\u00f3c Ci w rozwoju, niezale\u017cnie od tego czy sprzedajesz czy kupujesz firm\u0119.","publisher":{"@id":"https:\/\/aventis-advisors.com\/#organization"},"potentialAction":[{"@type":"SearchAction","target":{"@type":"EntryPoint","urlTemplate":"https:\/\/aventis-advisors.com\/?s={search_term_string}"},"query-input":{"@type":"PropertyValueSpecification","valueRequired":true,"valueName":"search_term_string"}}],"inLanguage":"pl-PL"},{"@type":"Organization","@id":"https:\/\/aventis-advisors.com\/#organization","name":"Aventis","url":"https:\/\/aventis-advisors.com\/","logo":{"@type":"ImageObject","inLanguage":"pl-PL","@id":"https:\/\/aventis-advisors.com\/#\/schema\/logo\/image\/","url":"https:\/\/aventis-advisors.com\/wp-content\/uploads\/2025\/08\/cropped-android-chrome-512x512-1.png","contentUrl":"https:\/\/aventis-advisors.com\/wp-content\/uploads\/2025\/08\/cropped-android-chrome-512x512-1.png","width":512,"height":512,"caption":"Aventis"},"image":{"@id":"https:\/\/aventis-advisors.com\/#\/schema\/logo\/image\/"}}]}},"jetpack_sharing_enabled":true,"_links":{"self":[{"href":"https:\/\/aventis-advisors.com\/pl\/wp-json\/wp\/v2\/pages\/10","targetHints":{"allow":["GET"]}}],"collection":[{"href":"https:\/\/aventis-advisors.com\/pl\/wp-json\/wp\/v2\/pages"}],"about":[{"href":"https:\/\/aventis-advisors.com\/pl\/wp-json\/wp\/v2\/types\/page"}],"author":[{"embeddable":true,"href":"https:\/\/aventis-advisors.com\/pl\/wp-json\/wp\/v2\/users\/1"}],"replies":[{"embeddable":true,"href":"https:\/\/aventis-advisors.com\/pl\/wp-json\/wp\/v2\/comments?post=10"}],"version-history":[{"count":0,"href":"https:\/\/aventis-advisors.com\/pl\/wp-json\/wp\/v2\/pages\/10\/revisions"}],"wp:featuredmedia":[{"embeddable":true,"href":"https:\/\/aventis-advisors.com\/pl\/wp-json\/wp\/v2\/media\/1820"}],"wp:attachment":[{"href":"https:\/\/aventis-advisors.com\/pl\/wp-json\/wp\/v2\/media?parent=10"}],"curies":[{"name":"wp","href":"https:\/\/api.w.org\/{rel}","templated":true}]}}