{"id":257,"date":"2022-03-16T15:47:39","date_gmt":"2022-03-16T15:47:39","guid":{"rendered":"http:\/\/localhost:10034\/?page_id=257"},"modified":"2025-07-30T15:27:20","modified_gmt":"2025-07-30T15:27:20","slug":"kariery","status":"publish","type":"page","link":"https:\/\/aventis-advisors.com\/pl\/kariery\/","title":{"rendered":"Kariera"},"content":{"rendered":"","protected":false},"excerpt":{"rendered":"","protected":false},"author":1,"featured_media":0,"parent":0,"menu_order":0,"comment_status":"closed","ping_status":"closed","template":"templates\/careers-template.php","meta":{"_acf_changed":true,"inline_featured_image":false,"footnotes":""},"class_list":["post-257","page","type-page","status-publish","hentry"],"acf":[],"yoast_head":"<!-- This site is optimized with the Yoast SEO plugin v27.4 - https:\/\/yoast.com\/product\/yoast-seo-wordpress\/ -->\n<title>Careers &#8211; Aventis Advisors<\/title>\n<meta name=\"description\" content=\"Take your career to the next level at an M&amp;A firm where you can have an impact from day one. We look for passionate people to join our team.\" \/>\n<link rel=\"canonical\" href=\"https:\/\/aventis-advisors.com\/pl\/wp-json\/wp\/v2\/pages\/257\" \/>\n<meta property=\"og:locale\" content=\"pl_PL\" \/>\n<meta property=\"og:type\" content=\"article\" \/>\n<meta property=\"og:title\" content=\"Careers &#8211; Aventis Advisors\" \/>\n<meta property=\"og:description\" content=\"Take your career to the next level at an M&amp;A firm where you can have an impact from day one. We look for passionate people to join our team.\" \/>\n<meta property=\"og:url\" content=\"https:\/\/aventis-advisors.com\/pl\/kariery\/\" \/>\n<meta property=\"og:site_name\" content=\"Aventis Advisors\" \/>\n<meta property=\"article:modified_time\" content=\"2025-07-30T15:27:20+00:00\" \/>\n<meta name=\"twitter:card\" content=\"summary_large_image\" \/>\n<script type=\"application\/ld+json\" class=\"yoast-schema-graph\">{\"@context\":\"https:\\\/\\\/schema.org\",\"@graph\":[{\"@type\":\"WebPage\",\"@id\":\"https:\\\/\\\/aventis-advisors.com\\\/careers\\\/\",\"url\":\"https:\\\/\\\/aventis-advisors.com\\\/careers\\\/\",\"name\":\"Careers &#8211; Aventis Advisors\",\"isPartOf\":{\"@id\":\"https:\\\/\\\/aventis-advisors.com\\\/#website\"},\"datePublished\":\"2022-03-16T15:47:39+00:00\",\"dateModified\":\"2025-07-30T15:27:20+00:00\",\"description\":\"Take your career to the next level at an M&A firm where you can have an impact from day one. We look for passionate people to join our team.\",\"breadcrumb\":{\"@id\":\"https:\\\/\\\/aventis-advisors.com\\\/careers\\\/#breadcrumb\"},\"inLanguage\":\"pl-PL\",\"potentialAction\":[{\"@type\":\"ReadAction\",\"target\":[\"https:\\\/\\\/aventis-advisors.com\\\/careers\\\/\"]}]},{\"@type\":\"BreadcrumbList\",\"@id\":\"https:\\\/\\\/aventis-advisors.com\\\/careers\\\/#breadcrumb\",\"itemListElement\":[{\"@type\":\"ListItem\",\"position\":1,\"name\":\"Home\",\"item\":\"https:\\\/\\\/aventis-advisors.com\\\/\"},{\"@type\":\"ListItem\",\"position\":2,\"name\":\"Careers\"}]},{\"@type\":\"WebSite\",\"@id\":\"https:\\\/\\\/aventis-advisors.com\\\/#website\",\"url\":\"https:\\\/\\\/aventis-advisors.com\\\/\",\"name\":\"Aventis Advisors\",\"description\":\"Our mission is to help you thrive, whether selling or buying a business.\",\"publisher\":{\"@id\":\"https:\\\/\\\/aventis-advisors.com\\\/#organization\"},\"potentialAction\":[{\"@type\":\"SearchAction\",\"target\":{\"@type\":\"EntryPoint\",\"urlTemplate\":\"https:\\\/\\\/aventis-advisors.com\\\/?s={search_term_string}\"},\"query-input\":{\"@type\":\"PropertyValueSpecification\",\"valueRequired\":true,\"valueName\":\"search_term_string\"}}],\"inLanguage\":\"pl-PL\"},{\"@type\":\"Organization\",\"@id\":\"https:\\\/\\\/aventis-advisors.com\\\/#organization\",\"name\":\"Aventis\",\"url\":\"https:\\\/\\\/aventis-advisors.com\\\/\",\"logo\":{\"@type\":\"ImageObject\",\"inLanguage\":\"pl-PL\",\"@id\":\"https:\\\/\\\/aventis-advisors.com\\\/#\\\/schema\\\/logo\\\/image\\\/\",\"url\":\"https:\\\/\\\/aventis-advisors.com\\\/wp-content\\\/uploads\\\/2025\\\/08\\\/cropped-android-chrome-512x512-1.png\",\"contentUrl\":\"https:\\\/\\\/aventis-advisors.com\\\/wp-content\\\/uploads\\\/2025\\\/08\\\/cropped-android-chrome-512x512-1.png\",\"width\":512,\"height\":512,\"caption\":\"Aventis\"},\"image\":{\"@id\":\"https:\\\/\\\/aventis-advisors.com\\\/#\\\/schema\\\/logo\\\/image\\\/\"}}]}<\/script>\n<!-- \/ Yoast SEO plugin. -->","yoast_head_json":{"title":"Kariera - Aventis Advisors","description":"Przenie\u015b swoj\u0105 karier\u0119 na wy\u017cszy poziom w firmie zajmuj\u0105cej si\u0119 fuzjami i przej\u0119ciami, w kt\u00f3rej mo\u017cesz mie\u0107 wp\u0142yw ju\u017c od pierwszego dnia. Szukamy ludzi z pasj\u0105, kt\u00f3rzy do\u0142\u0105cz\u0105 do naszego zespo\u0142u.","canonical":"https:\/\/aventis-advisors.com\/pl\/wp-json\/wp\/v2\/pages\/257","og_locale":"pl_PL","og_type":"article","og_title":"Careers &#8211; Aventis Advisors","og_description":"Take your career to the next level at an M&A firm where you can have an impact from day one. We look for passionate people to join our team.","og_url":"https:\/\/aventis-advisors.com\/pl\/kariery\/","og_site_name":"Aventis Advisors","article_modified_time":"2025-07-30T15:27:20+00:00","twitter_card":"summary_large_image","schema":{"@context":"https:\/\/schema.org","@graph":[{"@type":"WebPage","@id":"https:\/\/aventis-advisors.com\/careers\/","url":"https:\/\/aventis-advisors.com\/careers\/","name":"Kariera - Aventis Advisors","isPartOf":{"@id":"https:\/\/aventis-advisors.com\/#website"},"datePublished":"2022-03-16T15:47:39+00:00","dateModified":"2025-07-30T15:27:20+00:00","description":"Przenie\u015b swoj\u0105 karier\u0119 na wy\u017cszy poziom w firmie zajmuj\u0105cej si\u0119 fuzjami i przej\u0119ciami, w kt\u00f3rej mo\u017cesz mie\u0107 wp\u0142yw ju\u017c od pierwszego dnia. Szukamy ludzi z pasj\u0105, kt\u00f3rzy do\u0142\u0105cz\u0105 do naszego zespo\u0142u.","breadcrumb":{"@id":"https:\/\/aventis-advisors.com\/careers\/#breadcrumb"},"inLanguage":"pl-PL","potentialAction":[{"@type":"ReadAction","target":["https:\/\/aventis-advisors.com\/careers\/"]}]},{"@type":"BreadcrumbList","@id":"https:\/\/aventis-advisors.com\/careers\/#breadcrumb","itemListElement":[{"@type":"ListItem","position":1,"name":"Home","item":"https:\/\/aventis-advisors.com\/"},{"@type":"ListItem","position":2,"name":"Careers"}]},{"@type":"WebSite","@id":"https:\/\/aventis-advisors.com\/#website","url":"https:\/\/aventis-advisors.com\/","name":"Aventis Advisors","description":"Nasz\u0105 misj\u0105 jest pom\u00f3c Ci w rozwoju, niezale\u017cnie od tego czy sprzedajesz czy kupujesz firm\u0119.","publisher":{"@id":"https:\/\/aventis-advisors.com\/#organization"},"potentialAction":[{"@type":"SearchAction","target":{"@type":"EntryPoint","urlTemplate":"https:\/\/aventis-advisors.com\/?s={search_term_string}"},"query-input":{"@type":"PropertyValueSpecification","valueRequired":true,"valueName":"search_term_string"}}],"inLanguage":"pl-PL"},{"@type":"Organization","@id":"https:\/\/aventis-advisors.com\/#organization","name":"Aventis","url":"https:\/\/aventis-advisors.com\/","logo":{"@type":"ImageObject","inLanguage":"pl-PL","@id":"https:\/\/aventis-advisors.com\/#\/schema\/logo\/image\/","url":"https:\/\/aventis-advisors.com\/wp-content\/uploads\/2025\/08\/cropped-android-chrome-512x512-1.png","contentUrl":"https:\/\/aventis-advisors.com\/wp-content\/uploads\/2025\/08\/cropped-android-chrome-512x512-1.png","width":512,"height":512,"caption":"Aventis"},"image":{"@id":"https:\/\/aventis-advisors.com\/#\/schema\/logo\/image\/"}}]}},"jetpack_sharing_enabled":true,"_links":{"self":[{"href":"https:\/\/aventis-advisors.com\/pl\/wp-json\/wp\/v2\/pages\/257","targetHints":{"allow":["GET"]}}],"collection":[{"href":"https:\/\/aventis-advisors.com\/pl\/wp-json\/wp\/v2\/pages"}],"about":[{"href":"https:\/\/aventis-advisors.com\/pl\/wp-json\/wp\/v2\/types\/page"}],"author":[{"embeddable":true,"href":"https:\/\/aventis-advisors.com\/pl\/wp-json\/wp\/v2\/users\/1"}],"replies":[{"embeddable":true,"href":"https:\/\/aventis-advisors.com\/pl\/wp-json\/wp\/v2\/comments?post=257"}],"version-history":[{"count":0,"href":"https:\/\/aventis-advisors.com\/pl\/wp-json\/wp\/v2\/pages\/257\/revisions"}],"wp:attachment":[{"href":"https:\/\/aventis-advisors.com\/pl\/wp-json\/wp\/v2\/media?parent=257"}],"curies":[{"name":"wp","href":"https:\/\/api.w.org\/{rel}","templated":true}]}}