{"id":29,"date":"2022-03-10T14:35:17","date_gmt":"2022-03-10T14:35:17","guid":{"rendered":"http:\/\/localhost:10034\/?page_id=29"},"modified":"2026-04-02T09:20:29","modified_gmt":"2026-04-02T09:20:29","slug":"o","status":"publish","type":"page","link":"https:\/\/aventis-advisors.com\/pl\/o\/","title":{"rendered":"O nas"},"content":{"rendered":"","protected":false},"excerpt":{"rendered":"","protected":false},"author":1,"featured_media":0,"parent":0,"menu_order":0,"comment_status":"closed","ping_status":"closed","template":"templates\/about-us-template.php","meta":{"_acf_changed":true,"inline_featured_image":false,"footnotes":""},"class_list":["post-29","page","type-page","status-publish","hentry"],"acf":[],"yoast_head":"<!-- This site is optimized with the Yoast SEO plugin v27.3 - https:\/\/yoast.com\/product\/yoast-seo-wordpress\/ -->\n<title>Meet our M&amp;A Team \u2013 Aventis Advisors<\/title>\n<meta name=\"description\" content=\"We are a unique M&amp;A advisory firm that delivers deals for technology and growth companies based on in-depth research, unique insights &amp; honesty.\" \/>\n<link rel=\"canonical\" href=\"https:\/\/aventis-advisors.com\/pl\/wp-json\/wp\/v2\/pages\/29\" \/>\n<meta property=\"og:locale\" content=\"pl_PL\" \/>\n<meta property=\"og:type\" content=\"article\" \/>\n<meta property=\"og:title\" content=\"Meet our M&amp;A Team \u2013 Aventis Advisors\" \/>\n<meta property=\"og:description\" content=\"We are a unique M&amp;A advisory firm that delivers deals for technology and growth companies based on in-depth research, unique insights &amp; honesty.\" \/>\n<meta property=\"og:url\" content=\"https:\/\/aventis-advisors.com\/pl\/o\/\" \/>\n<meta property=\"og:site_name\" content=\"Aventis Advisors\" \/>\n<meta property=\"article:modified_time\" content=\"2026-04-02T09:20:29+00:00\" \/>\n<meta name=\"twitter:card\" content=\"summary_large_image\" \/>\n<script type=\"application\/ld+json\" class=\"yoast-schema-graph\">{\"@context\":\"https:\\\/\\\/schema.org\",\"@graph\":[{\"@type\":\"WebPage\",\"@id\":\"https:\\\/\\\/aventis-advisors.com\\\/about\\\/\",\"url\":\"https:\\\/\\\/aventis-advisors.com\\\/about\\\/\",\"name\":\"Meet our M&A Team \u2013 Aventis Advisors\",\"isPartOf\":{\"@id\":\"https:\\\/\\\/aventis-advisors.com\\\/#website\"},\"datePublished\":\"2022-03-10T14:35:17+00:00\",\"dateModified\":\"2026-04-02T09:20:29+00:00\",\"description\":\"We are a unique M&A advisory firm that delivers deals for technology and growth companies based on in-depth research, unique insights & honesty.\",\"breadcrumb\":{\"@id\":\"https:\\\/\\\/aventis-advisors.com\\\/about\\\/#breadcrumb\"},\"inLanguage\":\"pl-PL\",\"potentialAction\":[{\"@type\":\"ReadAction\",\"target\":[\"https:\\\/\\\/aventis-advisors.com\\\/about\\\/\"]}]},{\"@type\":\"BreadcrumbList\",\"@id\":\"https:\\\/\\\/aventis-advisors.com\\\/about\\\/#breadcrumb\",\"itemListElement\":[{\"@type\":\"ListItem\",\"position\":1,\"name\":\"Home\",\"item\":\"https:\\\/\\\/aventis-advisors.com\\\/\"},{\"@type\":\"ListItem\",\"position\":2,\"name\":\"About\"}]},{\"@type\":\"WebSite\",\"@id\":\"https:\\\/\\\/aventis-advisors.com\\\/#website\",\"url\":\"https:\\\/\\\/aventis-advisors.com\\\/\",\"name\":\"Aventis Advisors\",\"description\":\"Our mission is to help you thrive, whether selling or buying a business.\",\"publisher\":{\"@id\":\"https:\\\/\\\/aventis-advisors.com\\\/#organization\"},\"potentialAction\":[{\"@type\":\"SearchAction\",\"target\":{\"@type\":\"EntryPoint\",\"urlTemplate\":\"https:\\\/\\\/aventis-advisors.com\\\/?s={search_term_string}\"},\"query-input\":{\"@type\":\"PropertyValueSpecification\",\"valueRequired\":true,\"valueName\":\"search_term_string\"}}],\"inLanguage\":\"pl-PL\"},{\"@type\":\"Organization\",\"@id\":\"https:\\\/\\\/aventis-advisors.com\\\/#organization\",\"name\":\"Aventis\",\"url\":\"https:\\\/\\\/aventis-advisors.com\\\/\",\"logo\":{\"@type\":\"ImageObject\",\"inLanguage\":\"pl-PL\",\"@id\":\"https:\\\/\\\/aventis-advisors.com\\\/#\\\/schema\\\/logo\\\/image\\\/\",\"url\":\"https:\\\/\\\/aventis-advisors.com\\\/wp-content\\\/uploads\\\/2025\\\/08\\\/cropped-android-chrome-512x512-1.png\",\"contentUrl\":\"https:\\\/\\\/aventis-advisors.com\\\/wp-content\\\/uploads\\\/2025\\\/08\\\/cropped-android-chrome-512x512-1.png\",\"width\":512,\"height\":512,\"caption\":\"Aventis\"},\"image\":{\"@id\":\"https:\\\/\\\/aventis-advisors.com\\\/#\\\/schema\\\/logo\\\/image\\\/\"}}]}<\/script>\n<!-- \/ Yoast SEO plugin. -->","yoast_head_json":{"title":"O nas - Aventis Advisors","description":"Jeste\u015bmy firm\u0105 doradcz\u0105 zajmuj\u0105c\u0105 si\u0119 fuzjami i przej\u0119ciami, kt\u00f3ra przeprowadza transakcje dla firm w oparciu o dog\u0142\u0119bne badania, unikalne spostrze\u017cenia i uczciwo\u015b\u0107.","canonical":"https:\/\/aventis-advisors.com\/pl\/wp-json\/wp\/v2\/pages\/29","og_locale":"pl_PL","og_type":"article","og_title":"Meet our M&A Team \u2013 Aventis Advisors","og_description":"We are a unique M&A advisory firm that delivers deals for technology and growth companies based on in-depth research, unique insights & honesty.","og_url":"https:\/\/aventis-advisors.com\/pl\/o\/","og_site_name":"Aventis Advisors","article_modified_time":"2026-04-02T09:20:29+00:00","twitter_card":"summary_large_image","schema":{"@context":"https:\/\/schema.org","@graph":[{"@type":"WebPage","@id":"https:\/\/aventis-advisors.com\/about\/","url":"https:\/\/aventis-advisors.com\/about\/","name":"O nas - Aventis Advisors","isPartOf":{"@id":"https:\/\/aventis-advisors.com\/#website"},"datePublished":"2022-03-10T14:35:17+00:00","dateModified":"2026-04-02T09:20:29+00:00","description":"Jeste\u015bmy firm\u0105 doradcz\u0105 zajmuj\u0105c\u0105 si\u0119 fuzjami i przej\u0119ciami, kt\u00f3ra przeprowadza transakcje dla firm w oparciu o dog\u0142\u0119bne badania, unikalne spostrze\u017cenia i uczciwo\u015b\u0107.","breadcrumb":{"@id":"https:\/\/aventis-advisors.com\/about\/#breadcrumb"},"inLanguage":"pl-PL","potentialAction":[{"@type":"ReadAction","target":["https:\/\/aventis-advisors.com\/about\/"]}]},{"@type":"BreadcrumbList","@id":"https:\/\/aventis-advisors.com\/about\/#breadcrumb","itemListElement":[{"@type":"ListItem","position":1,"name":"Home","item":"https:\/\/aventis-advisors.com\/"},{"@type":"ListItem","position":2,"name":"About"}]},{"@type":"WebSite","@id":"https:\/\/aventis-advisors.com\/#website","url":"https:\/\/aventis-advisors.com\/","name":"Aventis Advisors","description":"Nasz\u0105 misj\u0105 jest pom\u00f3c Ci w rozwoju, niezale\u017cnie od tego czy sprzedajesz czy kupujesz firm\u0119.","publisher":{"@id":"https:\/\/aventis-advisors.com\/#organization"},"potentialAction":[{"@type":"SearchAction","target":{"@type":"EntryPoint","urlTemplate":"https:\/\/aventis-advisors.com\/?s={search_term_string}"},"query-input":{"@type":"PropertyValueSpecification","valueRequired":true,"valueName":"search_term_string"}}],"inLanguage":"pl-PL"},{"@type":"Organization","@id":"https:\/\/aventis-advisors.com\/#organization","name":"Aventis","url":"https:\/\/aventis-advisors.com\/","logo":{"@type":"ImageObject","inLanguage":"pl-PL","@id":"https:\/\/aventis-advisors.com\/#\/schema\/logo\/image\/","url":"https:\/\/aventis-advisors.com\/wp-content\/uploads\/2025\/08\/cropped-android-chrome-512x512-1.png","contentUrl":"https:\/\/aventis-advisors.com\/wp-content\/uploads\/2025\/08\/cropped-android-chrome-512x512-1.png","width":512,"height":512,"caption":"Aventis"},"image":{"@id":"https:\/\/aventis-advisors.com\/#\/schema\/logo\/image\/"}}]}},"jetpack_sharing_enabled":true,"_links":{"self":[{"href":"https:\/\/aventis-advisors.com\/pl\/wp-json\/wp\/v2\/pages\/29","targetHints":{"allow":["GET"]}}],"collection":[{"href":"https:\/\/aventis-advisors.com\/pl\/wp-json\/wp\/v2\/pages"}],"about":[{"href":"https:\/\/aventis-advisors.com\/pl\/wp-json\/wp\/v2\/types\/page"}],"author":[{"embeddable":true,"href":"https:\/\/aventis-advisors.com\/pl\/wp-json\/wp\/v2\/users\/1"}],"replies":[{"embeddable":true,"href":"https:\/\/aventis-advisors.com\/pl\/wp-json\/wp\/v2\/comments?post=29"}],"version-history":[{"count":0,"href":"https:\/\/aventis-advisors.com\/pl\/wp-json\/wp\/v2\/pages\/29\/revisions"}],"wp:attachment":[{"href":"https:\/\/aventis-advisors.com\/pl\/wp-json\/wp\/v2\/media?parent=29"}],"curies":[{"name":"wp","href":"https:\/\/api.w.org\/{rel}","templated":true}]}}