{"id":302,"date":"2022-03-17T09:49:27","date_gmt":"2022-03-17T09:49:27","guid":{"rendered":"http:\/\/localhost:10034\/?page_id=302"},"modified":"2025-03-11T16:49:52","modified_gmt":"2025-03-11T16:49:52","slug":"transakcje","status":"publish","type":"page","link":"https:\/\/aventis-advisors.com\/pl\/transakcje\/","title":{"rendered":"Transakcje"},"content":{"rendered":"","protected":false},"excerpt":{"rendered":"","protected":false},"author":1,"featured_media":0,"parent":0,"menu_order":0,"comment_status":"closed","ping_status":"closed","template":"archive-transaction.php","meta":{"_acf_changed":false,"inline_featured_image":false,"footnotes":""},"class_list":["post-302","page","type-page","status-publish","hentry"],"acf":[],"yoast_head":"<!-- This site is optimized with the Yoast SEO plugin v27.2 - https:\/\/yoast.com\/product\/yoast-seo-wordpress\/ -->\n<title>Our Transactions - Aventis Advisors<\/title>\n<meta name=\"description\" content=\"Our clients&#039; successes are why we love what we do. Learn more about the M&amp;A deals we&#039;ve done and stories of business owners who trusted us.\" \/>\n<link rel=\"canonical\" href=\"https:\/\/aventis-advisors.com\/pl\/wp-json\/wp\/v2\/pages\/302\" \/>\n<meta property=\"og:locale\" content=\"pl_PL\" \/>\n<meta property=\"og:type\" content=\"article\" \/>\n<meta property=\"og:title\" content=\"Our Transactions - Aventis Advisors\" \/>\n<meta property=\"og:description\" content=\"Our clients&#039; successes are why we love what we do. Learn more about the M&amp;A deals we&#039;ve done and stories of business owners who trusted us.\" \/>\n<meta property=\"og:url\" content=\"https:\/\/aventis-advisors.com\/pl\/transakcje\/\" \/>\n<meta property=\"og:site_name\" content=\"Aventis Advisors\" \/>\n<meta property=\"article:modified_time\" content=\"2025-03-11T16:49:52+00:00\" \/>\n<meta name=\"twitter:card\" content=\"summary_large_image\" \/>\n<script type=\"application\/ld+json\" class=\"yoast-schema-graph\">{\"@context\":\"https:\/\/schema.org\",\"@graph\":[{\"@type\":\"WebPage\",\"@id\":\"https:\/\/aventis-advisors.com\/transactions\/\",\"url\":\"https:\/\/aventis-advisors.com\/transactions\/\",\"name\":\"Our Transactions - Aventis Advisors\",\"isPartOf\":{\"@id\":\"https:\/\/aventis-advisors.com\/#website\"},\"datePublished\":\"2022-03-17T09:49:27+00:00\",\"dateModified\":\"2025-03-11T16:49:52+00:00\",\"description\":\"Our clients' successes are why we love what we do. Learn more about the M&A deals we've done and stories of business owners who trusted us.\",\"breadcrumb\":{\"@id\":\"https:\/\/aventis-advisors.com\/transactions\/#breadcrumb\"},\"inLanguage\":\"pl-PL\",\"potentialAction\":[{\"@type\":\"ReadAction\",\"target\":[\"https:\/\/aventis-advisors.com\/transactions\/\"]}]},{\"@type\":\"BreadcrumbList\",\"@id\":\"https:\/\/aventis-advisors.com\/transactions\/#breadcrumb\",\"itemListElement\":[{\"@type\":\"ListItem\",\"position\":1,\"name\":\"Home\",\"item\":\"https:\/\/aventis-advisors.com\/\"},{\"@type\":\"ListItem\",\"position\":2,\"name\":\"Transactions\"}]},{\"@type\":\"WebSite\",\"@id\":\"https:\/\/aventis-advisors.com\/#website\",\"url\":\"https:\/\/aventis-advisors.com\/\",\"name\":\"Aventis Advisors\",\"description\":\"Our mission is to help you thrive, whether selling or buying a business.\",\"publisher\":{\"@id\":\"https:\/\/aventis-advisors.com\/#organization\"},\"potentialAction\":[{\"@type\":\"SearchAction\",\"target\":{\"@type\":\"EntryPoint\",\"urlTemplate\":\"https:\/\/aventis-advisors.com\/?s={search_term_string}\"},\"query-input\":{\"@type\":\"PropertyValueSpecification\",\"valueRequired\":true,\"valueName\":\"search_term_string\"}}],\"inLanguage\":\"pl-PL\"},{\"@type\":\"Organization\",\"@id\":\"https:\/\/aventis-advisors.com\/#organization\",\"name\":\"Aventis\",\"url\":\"https:\/\/aventis-advisors.com\/\",\"logo\":{\"@type\":\"ImageObject\",\"inLanguage\":\"pl-PL\",\"@id\":\"https:\/\/aventis-advisors.com\/#\/schema\/logo\/image\/\",\"url\":\"https:\/\/aventis-advisors.com\/wp-content\/uploads\/2025\/08\/cropped-android-chrome-512x512-1.png\",\"contentUrl\":\"https:\/\/aventis-advisors.com\/wp-content\/uploads\/2025\/08\/cropped-android-chrome-512x512-1.png\",\"width\":512,\"height\":512,\"caption\":\"Aventis\"},\"image\":{\"@id\":\"https:\/\/aventis-advisors.com\/#\/schema\/logo\/image\/\"}}]}<\/script>\n<!-- \/ Yoast SEO plugin. -->","yoast_head_json":{"title":"Transakcje przeprowadzone przez Aventis Advisors","description":"Sukcesy naszych klient\u00f3w sprawiaj\u0105, \u017ce kochamy to, co robimy. Dowiedz si\u0119 wi\u0119cej o transakcjach M&amp;A, kt\u00f3re przeprowadzili\u015bmy i poznaj historie w\u0142a\u015bcicieli firm, kt\u00f3rzy nam zaufali.","canonical":"https:\/\/aventis-advisors.com\/pl\/wp-json\/wp\/v2\/pages\/302","og_locale":"pl_PL","og_type":"article","og_title":"Our Transactions - Aventis Advisors","og_description":"Our clients' successes are why we love what we do. Learn more about the M&A deals we've done and stories of business owners who trusted us.","og_url":"https:\/\/aventis-advisors.com\/pl\/transakcje\/","og_site_name":"Aventis Advisors","article_modified_time":"2025-03-11T16:49:52+00:00","twitter_card":"summary_large_image","schema":{"@context":"https:\/\/schema.org","@graph":[{"@type":"WebPage","@id":"https:\/\/aventis-advisors.com\/transactions\/","url":"https:\/\/aventis-advisors.com\/transactions\/","name":"Transakcje przeprowadzone przez Aventis Advisors","isPartOf":{"@id":"https:\/\/aventis-advisors.com\/#website"},"datePublished":"2022-03-17T09:49:27+00:00","dateModified":"2025-03-11T16:49:52+00:00","description":"Sukcesy naszych klient\u00f3w sprawiaj\u0105, \u017ce kochamy to, co robimy. Dowiedz si\u0119 wi\u0119cej o transakcjach M&amp;A, kt\u00f3re przeprowadzili\u015bmy i poznaj historie w\u0142a\u015bcicieli firm, kt\u00f3rzy nam zaufali.","breadcrumb":{"@id":"https:\/\/aventis-advisors.com\/transactions\/#breadcrumb"},"inLanguage":"pl-PL","potentialAction":[{"@type":"ReadAction","target":["https:\/\/aventis-advisors.com\/transactions\/"]}]},{"@type":"BreadcrumbList","@id":"https:\/\/aventis-advisors.com\/transactions\/#breadcrumb","itemListElement":[{"@type":"ListItem","position":1,"name":"Home","item":"https:\/\/aventis-advisors.com\/"},{"@type":"ListItem","position":2,"name":"Transactions"}]},{"@type":"WebSite","@id":"https:\/\/aventis-advisors.com\/#website","url":"https:\/\/aventis-advisors.com\/","name":"Aventis Advisors","description":"Nasz\u0105 misj\u0105 jest pom\u00f3c Ci w rozwoju, niezale\u017cnie od tego czy sprzedajesz czy kupujesz firm\u0119.","publisher":{"@id":"https:\/\/aventis-advisors.com\/#organization"},"potentialAction":[{"@type":"SearchAction","target":{"@type":"EntryPoint","urlTemplate":"https:\/\/aventis-advisors.com\/?s={search_term_string}"},"query-input":{"@type":"PropertyValueSpecification","valueRequired":true,"valueName":"search_term_string"}}],"inLanguage":"pl-PL"},{"@type":"Organization","@id":"https:\/\/aventis-advisors.com\/#organization","name":"Aventis","url":"https:\/\/aventis-advisors.com\/","logo":{"@type":"ImageObject","inLanguage":"pl-PL","@id":"https:\/\/aventis-advisors.com\/#\/schema\/logo\/image\/","url":"https:\/\/aventis-advisors.com\/wp-content\/uploads\/2025\/08\/cropped-android-chrome-512x512-1.png","contentUrl":"https:\/\/aventis-advisors.com\/wp-content\/uploads\/2025\/08\/cropped-android-chrome-512x512-1.png","width":512,"height":512,"caption":"Aventis"},"image":{"@id":"https:\/\/aventis-advisors.com\/#\/schema\/logo\/image\/"}}]}},"jetpack_sharing_enabled":true,"_links":{"self":[{"href":"https:\/\/aventis-advisors.com\/pl\/wp-json\/wp\/v2\/pages\/302","targetHints":{"allow":["GET"]}}],"collection":[{"href":"https:\/\/aventis-advisors.com\/pl\/wp-json\/wp\/v2\/pages"}],"about":[{"href":"https:\/\/aventis-advisors.com\/pl\/wp-json\/wp\/v2\/types\/page"}],"author":[{"embeddable":true,"href":"https:\/\/aventis-advisors.com\/pl\/wp-json\/wp\/v2\/users\/1"}],"replies":[{"embeddable":true,"href":"https:\/\/aventis-advisors.com\/pl\/wp-json\/wp\/v2\/comments?post=302"}],"version-history":[{"count":0,"href":"https:\/\/aventis-advisors.com\/pl\/wp-json\/wp\/v2\/pages\/302\/revisions"}],"wp:attachment":[{"href":"https:\/\/aventis-advisors.com\/pl\/wp-json\/wp\/v2\/media?parent=302"}],"curies":[{"name":"wp","href":"https:\/\/api.w.org\/{rel}","templated":true}]}}