{"id":559,"date":"2022-03-23T15:12:12","date_gmt":"2022-03-23T15:12:12","guid":{"rendered":"http:\/\/localhost:10034\/?page_id=559"},"modified":"2025-03-11T16:49:03","modified_gmt":"2025-03-11T16:49:03","slug":"pozyskiwanie-kapitalu","status":"publish","type":"page","link":"https:\/\/aventis-advisors.com\/pl\/pozyskiwanie-kapitalu\/","title":{"rendered":"Pozyskiwanie kapita\u0142u"},"content":{"rendered":"","protected":false},"excerpt":{"rendered":"","protected":false},"author":1,"featured_media":0,"parent":0,"menu_order":0,"comment_status":"closed","ping_status":"closed","template":"templates\/fundraising.php","meta":{"_acf_changed":false,"inline_featured_image":false,"footnotes":""},"class_list":["post-559","page","type-page","status-publish","hentry"],"acf":[],"yoast_head":"<!-- This site is optimized with the Yoast SEO plugin v27.2 - https:\/\/yoast.com\/product\/yoast-seo-wordpress\/ -->\n<title>Raise funds from investors \u2013 Aventis Advisors<\/title>\n<meta name=\"description\" content=\"Drive your business growth with investors from around the world. We\u2019ll help you establish who to sell to and how you should present yourselves.\" \/>\n<link rel=\"canonical\" href=\"https:\/\/aventis-advisors.com\/pl\/wp-json\/wp\/v2\/pages\/559\" \/>\n<meta property=\"og:locale\" content=\"pl_PL\" \/>\n<meta property=\"og:type\" content=\"article\" \/>\n<meta property=\"og:title\" content=\"Raise funds from investors \u2013 Aventis Advisors\" \/>\n<meta property=\"og:description\" content=\"Drive your business growth with investors from around the world. We\u2019ll help you establish who to sell to and how you should present yourselves.\" \/>\n<meta property=\"og:url\" content=\"https:\/\/aventis-advisors.com\/pl\/pozyskiwanie-kapitalu\/\" \/>\n<meta property=\"og:site_name\" content=\"Aventis Advisors\" \/>\n<meta property=\"article:modified_time\" content=\"2025-03-11T16:49:03+00:00\" \/>\n<meta name=\"twitter:card\" content=\"summary_large_image\" \/>\n<script type=\"application\/ld+json\" class=\"yoast-schema-graph\">{\"@context\":\"https:\/\/schema.org\",\"@graph\":[{\"@type\":\"WebPage\",\"@id\":\"https:\/\/aventis-advisors.com\/raising-capital\/\",\"url\":\"https:\/\/aventis-advisors.com\/raising-capital\/\",\"name\":\"Raise funds from investors \u2013 Aventis Advisors\",\"isPartOf\":{\"@id\":\"https:\/\/aventis-advisors.com\/#website\"},\"datePublished\":\"2022-03-23T15:12:12+00:00\",\"dateModified\":\"2025-03-11T16:49:03+00:00\",\"description\":\"Drive your business growth with investors from around the world. We\u2019ll help you establish who to sell to and how you should present yourselves.\",\"breadcrumb\":{\"@id\":\"https:\/\/aventis-advisors.com\/raising-capital\/#breadcrumb\"},\"inLanguage\":\"pl-PL\",\"potentialAction\":[{\"@type\":\"ReadAction\",\"target\":[\"https:\/\/aventis-advisors.com\/raising-capital\/\"]}]},{\"@type\":\"BreadcrumbList\",\"@id\":\"https:\/\/aventis-advisors.com\/raising-capital\/#breadcrumb\",\"itemListElement\":[{\"@type\":\"ListItem\",\"position\":1,\"name\":\"Home\",\"item\":\"https:\/\/aventis-advisors.com\/\"},{\"@type\":\"ListItem\",\"position\":2,\"name\":\"Raising Capital\"}]},{\"@type\":\"WebSite\",\"@id\":\"https:\/\/aventis-advisors.com\/#website\",\"url\":\"https:\/\/aventis-advisors.com\/\",\"name\":\"Aventis Advisors\",\"description\":\"Our mission is to help you thrive, whether selling or buying a business.\",\"publisher\":{\"@id\":\"https:\/\/aventis-advisors.com\/#organization\"},\"potentialAction\":[{\"@type\":\"SearchAction\",\"target\":{\"@type\":\"EntryPoint\",\"urlTemplate\":\"https:\/\/aventis-advisors.com\/?s={search_term_string}\"},\"query-input\":{\"@type\":\"PropertyValueSpecification\",\"valueRequired\":true,\"valueName\":\"search_term_string\"}}],\"inLanguage\":\"pl-PL\"},{\"@type\":\"Organization\",\"@id\":\"https:\/\/aventis-advisors.com\/#organization\",\"name\":\"Aventis\",\"url\":\"https:\/\/aventis-advisors.com\/\",\"logo\":{\"@type\":\"ImageObject\",\"inLanguage\":\"pl-PL\",\"@id\":\"https:\/\/aventis-advisors.com\/#\/schema\/logo\/image\/\",\"url\":\"https:\/\/aventis-advisors.com\/wp-content\/uploads\/2025\/08\/cropped-android-chrome-512x512-1.png\",\"contentUrl\":\"https:\/\/aventis-advisors.com\/wp-content\/uploads\/2025\/08\/cropped-android-chrome-512x512-1.png\",\"width\":512,\"height\":512,\"caption\":\"Aventis\"},\"image\":{\"@id\":\"https:\/\/aventis-advisors.com\/#\/schema\/logo\/image\/\"}}]}<\/script>\n<!-- \/ Yoast SEO plugin. -->","yoast_head_json":{"title":"Pozyskiwanie kapita\u0142u - Aventis Advisors","description":"Nap\u0119dzaj rozw\u00f3j swojego biznesu z inwestorami z ca\u0142ego \u015bwiata. Pomo\u017cemy Ci ustali\u0107 od kogo i jak pozyska\u0107 kapita\u0142 dla Twojej firmy.","canonical":"https:\/\/aventis-advisors.com\/pl\/wp-json\/wp\/v2\/pages\/559","og_locale":"pl_PL","og_type":"article","og_title":"Raise funds from investors \u2013 Aventis Advisors","og_description":"Drive your business growth with investors from around the world. We\u2019ll help you establish who to sell to and how you should present yourselves.","og_url":"https:\/\/aventis-advisors.com\/pl\/pozyskiwanie-kapitalu\/","og_site_name":"Aventis Advisors","article_modified_time":"2025-03-11T16:49:03+00:00","twitter_card":"summary_large_image","schema":{"@context":"https:\/\/schema.org","@graph":[{"@type":"WebPage","@id":"https:\/\/aventis-advisors.com\/raising-capital\/","url":"https:\/\/aventis-advisors.com\/raising-capital\/","name":"Pozyskiwanie kapita\u0142u - Aventis Advisors","isPartOf":{"@id":"https:\/\/aventis-advisors.com\/#website"},"datePublished":"2022-03-23T15:12:12+00:00","dateModified":"2025-03-11T16:49:03+00:00","description":"Nap\u0119dzaj rozw\u00f3j swojego biznesu z inwestorami z ca\u0142ego \u015bwiata. Pomo\u017cemy Ci ustali\u0107 od kogo i jak pozyska\u0107 kapita\u0142 dla Twojej firmy.","breadcrumb":{"@id":"https:\/\/aventis-advisors.com\/raising-capital\/#breadcrumb"},"inLanguage":"pl-PL","potentialAction":[{"@type":"ReadAction","target":["https:\/\/aventis-advisors.com\/raising-capital\/"]}]},{"@type":"BreadcrumbList","@id":"https:\/\/aventis-advisors.com\/raising-capital\/#breadcrumb","itemListElement":[{"@type":"ListItem","position":1,"name":"Home","item":"https:\/\/aventis-advisors.com\/"},{"@type":"ListItem","position":2,"name":"Raising Capital"}]},{"@type":"WebSite","@id":"https:\/\/aventis-advisors.com\/#website","url":"https:\/\/aventis-advisors.com\/","name":"Aventis Advisors","description":"Nasz\u0105 misj\u0105 jest pom\u00f3c Ci w rozwoju, niezale\u017cnie od tego czy sprzedajesz czy kupujesz firm\u0119.","publisher":{"@id":"https:\/\/aventis-advisors.com\/#organization"},"potentialAction":[{"@type":"SearchAction","target":{"@type":"EntryPoint","urlTemplate":"https:\/\/aventis-advisors.com\/?s={search_term_string}"},"query-input":{"@type":"PropertyValueSpecification","valueRequired":true,"valueName":"search_term_string"}}],"inLanguage":"pl-PL"},{"@type":"Organization","@id":"https:\/\/aventis-advisors.com\/#organization","name":"Aventis","url":"https:\/\/aventis-advisors.com\/","logo":{"@type":"ImageObject","inLanguage":"pl-PL","@id":"https:\/\/aventis-advisors.com\/#\/schema\/logo\/image\/","url":"https:\/\/aventis-advisors.com\/wp-content\/uploads\/2025\/08\/cropped-android-chrome-512x512-1.png","contentUrl":"https:\/\/aventis-advisors.com\/wp-content\/uploads\/2025\/08\/cropped-android-chrome-512x512-1.png","width":512,"height":512,"caption":"Aventis"},"image":{"@id":"https:\/\/aventis-advisors.com\/#\/schema\/logo\/image\/"}}]}},"jetpack_sharing_enabled":true,"_links":{"self":[{"href":"https:\/\/aventis-advisors.com\/pl\/wp-json\/wp\/v2\/pages\/559","targetHints":{"allow":["GET"]}}],"collection":[{"href":"https:\/\/aventis-advisors.com\/pl\/wp-json\/wp\/v2\/pages"}],"about":[{"href":"https:\/\/aventis-advisors.com\/pl\/wp-json\/wp\/v2\/types\/page"}],"author":[{"embeddable":true,"href":"https:\/\/aventis-advisors.com\/pl\/wp-json\/wp\/v2\/users\/1"}],"replies":[{"embeddable":true,"href":"https:\/\/aventis-advisors.com\/pl\/wp-json\/wp\/v2\/comments?post=559"}],"version-history":[{"count":0,"href":"https:\/\/aventis-advisors.com\/pl\/wp-json\/wp\/v2\/pages\/559\/revisions"}],"wp:attachment":[{"href":"https:\/\/aventis-advisors.com\/pl\/wp-json\/wp\/v2\/media?parent=559"}],"curies":[{"name":"wp","href":"https:\/\/api.w.org\/{rel}","templated":true}]}}